{"id":204,"date":"2023-01-04T15:11:45","date_gmt":"2023-01-04T15:11:45","guid":{"rendered":"https:\/\/www.scarti-artidelriuso.it\/scarticms\/?page_id=204"},"modified":"2025-09-24T13:30:13","modified_gmt":"2025-09-24T13:30:13","slug":"team-building","status":"publish","type":"page","link":"https:\/\/www.scarti-artidelriuso.it\/scarticms\/scuole\/team-building\/","title":{"rendered":"Team building"},"content":{"rendered":"\t\t<div data-elementor-type=\"wp-page\" data-elementor-id=\"204\" class=\"elementor elementor-204\">\n\t\t\t\t\t\t<section class=\"elementor-section elementor-top-section elementor-element elementor-element-72354fc elementor-section-boxed elementor-section-height-default elementor-section-height-default\" data-id=\"72354fc\" data-element_type=\"section\" data-e-type=\"section\">\n\t\t\t\t\t\t<div class=\"elementor-container elementor-column-gap-default\">\n\t\t\t\t\t<div class=\"elementor-column elementor-col-100 elementor-top-column elementor-element elementor-element-e684f80\" data-id=\"e684f80\" data-element_type=\"column\" data-e-type=\"column\">\n\t\t\t<div class=\"elementor-widget-wrap elementor-element-populated\">\n\t\t\t\t\t\t<div class=\"elementor-element elementor-element-286db6a elementor-widget elementor-widget-wpzoom-elementor-addons-image-box\" data-id=\"286db6a\" data-element_type=\"widget\" data-e-type=\"widget\" data-widget_type=\"wpzoom-elementor-addons-image-box.default\">\n\t\t\t\t<div class=\"elementor-widget-container\">\n\t\t\t\t\t\t\t<div class=\"wpzoom-elementor-addons-image-box\">\n\t\t\t<h3>\n\t\t\t\t<span class=\"wpzoom-elementor-addons-image-box-link not-linked has-image\" style=\"background-image:url('https:\/\/www.scarti-artidelriuso.it\/scarticms\/wp-content\/uploads\/2024\/03\/teambuilf.jpeg');\"><span><\/span><\/span>\t\t\t<\/h3>\n\t\t<\/div><!-- \/\/.wpzoom-elementor-addons-image-box -->\n\t\t\t\t\t\t<\/div>\n\t\t\t\t<\/div>\n\t\t\t\t\t<\/div>\n\t\t<\/div>\n\t\t\t\t\t<\/div>\n\t\t<\/section>\n\t\t\t\t<section class=\"elementor-section elementor-top-section elementor-element elementor-element-9b3d204 elementor-section-boxed elementor-section-height-default elementor-section-height-default\" data-id=\"9b3d204\" data-element_type=\"section\" data-e-type=\"section\">\n\t\t\t\t\t\t<div class=\"elementor-container elementor-column-gap-default\">\n\t\t\t\t\t<div class=\"elementor-column elementor-col-100 elementor-top-column elementor-element elementor-element-67b4257\" data-id=\"67b4257\" data-element_type=\"column\" data-e-type=\"column\">\n\t\t\t<div class=\"elementor-widget-wrap elementor-element-populated\">\n\t\t\t\t\t\t<div class=\"elementor-element elementor-element-639cc45 elementor-widget elementor-widget-text-editor\" data-id=\"639cc45\" data-element_type=\"widget\" data-e-type=\"widget\" data-widget_type=\"text-editor.default\">\n\t\t\t\t<div class=\"elementor-widget-container\">\n\t\t\t\t\t\t\t\t\t<h2 data-start=\"390\" data-end=\"422\">\ud83e\udde9 <strong data-start=\"396\" data-end=\"422\">Team Building Creativo<\/strong><\/h2><h3 data-start=\"424\" data-end=\"505\"><em data-start=\"428\" data-end=\"505\">Un\u2019esperienza di gruppo tra sostenibilit\u00e0, creativit\u00e0 e materiali di scarto<\/em><\/h3><p data-start=\"507\" data-end=\"905\">I nostri percorsi di <strong data-start=\"528\" data-end=\"545\">team building<\/strong> sono pensati per gruppi, aziende, enti o realt\u00e0 che desiderano vivere un\u2019esperienza diversa dal solito: creativa, coinvolgente e sostenibile.<br data-start=\"687\" data-end=\"690\" \/>Utilizziamo <strong data-start=\"702\" data-end=\"737\">materiali di scarto industriale<\/strong> per proporre attivit\u00e0 manuali, esperienziali e collaborative che mettono al centro le <strong data-start=\"824\" data-end=\"837\">relazioni<\/strong>, il <strong data-start=\"842\" data-end=\"863\">lavoro di squadra<\/strong> e la <strong data-start=\"869\" data-end=\"904\">valorizzazione delle differenze<\/strong>.<\/p>\t\t\t\t\t\t\t\t<\/div>\n\t\t\t\t<\/div>\n\t\t\t\t\t<\/div>\n\t\t<\/div>\n\t\t\t\t\t<\/div>\n\t\t<\/section>\n\t\t\t\t<section class=\"elementor-section elementor-top-section elementor-element elementor-element-ad3d724 elementor-section-boxed elementor-section-height-default elementor-section-height-default\" data-id=\"ad3d724\" data-element_type=\"section\" data-e-type=\"section\">\n\t\t\t\t\t\t<div class=\"elementor-container elementor-column-gap-default\">\n\t\t\t\t\t<div class=\"elementor-column elementor-col-100 elementor-top-column elementor-element elementor-element-cef339c\" data-id=\"cef339c\" data-element_type=\"column\" data-e-type=\"column\">\n\t\t\t<div class=\"elementor-widget-wrap elementor-element-populated\">\n\t\t\t\t\t\t<div class=\"elementor-element elementor-element-ff28591 elementor-widget elementor-widget-text-editor\" data-id=\"ff28591\" data-element_type=\"widget\" data-e-type=\"widget\" data-widget_type=\"text-editor.default\">\n\t\t\t\t<div class=\"elementor-widget-container\">\n\t\t\t\t\t\t\t\t\t<h3 data-start=\"912\" data-end=\"936\">\u267b\ufe0f <strong data-start=\"919\" data-end=\"936\">Cosa facciamo<\/strong><\/h3><p data-start=\"938\" data-end=\"972\">Progettiamo attivit\u00e0 che uniscono:<\/p><ul data-start=\"973\" data-end=\"1178\"><li data-start=\"973\" data-end=\"1022\"><p data-start=\"975\" data-end=\"1022\"><strong data-start=\"975\" data-end=\"993\">riuso creativo<\/strong> di materiali destrutturati<\/p><\/li><li data-start=\"1023\" data-end=\"1070\"><p data-start=\"1025\" data-end=\"1070\"><strong data-start=\"1025\" data-end=\"1043\">collaborazione<\/strong> e comunicazione tra pari<\/p><\/li><li data-start=\"1071\" data-end=\"1120\"><p data-start=\"1073\" data-end=\"1120\"><strong data-start=\"1073\" data-end=\"1092\">problem solving<\/strong> e progettazione condivisa<\/p><\/li><li data-start=\"1121\" data-end=\"1178\"><p data-start=\"1123\" data-end=\"1178\"><strong data-start=\"1123\" data-end=\"1148\">espressione artistica<\/strong> e pensiero fuori dagli schemi<\/p><\/li><\/ul><p data-start=\"1180\" data-end=\"1345\">Ogni esperienza pu\u00f2 concludersi con la creazione di un <strong data-start=\"1235\" data-end=\"1257\">oggetto collettivo<\/strong>, un&#8217;<strong data-start=\"1262\" data-end=\"1279\">installazione<\/strong>, o un <strong data-start=\"1286\" data-end=\"1308\">prodotto simbolico<\/strong> che racconta il percorso del gruppo.<\/p>\t\t\t\t\t\t\t\t<\/div>\n\t\t\t\t<\/div>\n\t\t\t\t\t<\/div>\n\t\t<\/div>\n\t\t\t\t\t<\/div>\n\t\t<\/section>\n\t\t\t\t<section class=\"elementor-section elementor-top-section elementor-element elementor-element-5c410a7 elementor-section-boxed elementor-section-height-default elementor-section-height-default\" data-id=\"5c410a7\" data-element_type=\"section\" data-e-type=\"section\">\n\t\t\t\t\t\t<div class=\"elementor-container elementor-column-gap-default\">\n\t\t\t\t\t<div class=\"elementor-column elementor-col-100 elementor-top-column elementor-element elementor-element-d0d0ab5\" data-id=\"d0d0ab5\" data-element_type=\"column\" data-e-type=\"column\">\n\t\t\t<div class=\"elementor-widget-wrap elementor-element-populated\">\n\t\t\t\t\t\t<div class=\"elementor-element elementor-element-07b7f66 elementor-widget elementor-widget-text-editor\" data-id=\"07b7f66\" data-element_type=\"widget\" data-e-type=\"widget\" data-widget_type=\"text-editor.default\">\n\t\t\t\t<div class=\"elementor-widget-container\">\n\t\t\t\t\t\t\t\t\t<h3 data-start=\"1352\" data-end=\"1382\">\ud83c\udf1f <strong data-start=\"1359\" data-end=\"1382\">A chi ci rivolgiamo<\/strong><\/h3><ul data-start=\"1384\" data-end=\"1558\"><li data-start=\"1384\" data-end=\"1395\"><p data-start=\"1386\" data-end=\"1395\">Aziende<\/p><\/li><li data-start=\"1396\" data-end=\"1426\"><p data-start=\"1398\" data-end=\"1426\">Cooperative e associazioni<\/p><\/li><li data-start=\"1427\" data-end=\"1479\"><p data-start=\"1429\" data-end=\"1479\">Enti pubblici e organizzazioni del terzo settore<\/p><\/li><li data-start=\"1480\" data-end=\"1519\"><p data-start=\"1482\" data-end=\"1519\">Scuole e gruppi di lavoro educativi<\/p><\/li><li data-start=\"1520\" data-end=\"1558\"><p data-start=\"1522\" data-end=\"1558\">Team informali e gruppi di volontari<\/p><\/li><\/ul><p data-start=\"1560\" data-end=\"1744\">Ogni proposta viene <strong data-start=\"1580\" data-end=\"1621\">personalizzata in base agli obiettivi<\/strong> e alle esigenze del gruppo:<br data-start=\"1649\" data-end=\"1652\" \/>motivazione, collaborazione, creativit\u00e0, coesione, celebrazione di un momento speciale, ecc.<\/p><hr data-start=\"1746\" data-end=\"1749\" \/><h3 data-start=\"1751\" data-end=\"1802\">\ud83c\udfaf <strong data-start=\"1758\" data-end=\"1802\">Perch\u00e9 scegliere il nostro team building<\/strong><\/h3><p data-start=\"1804\" data-end=\"2079\">\u2705 \u00c8 un\u2019esperienza concreta, non solo teorica<br data-start=\"1848\" data-end=\"1851\" \/>\u2705 Stimola il pensiero creativo e la manualit\u00e0<br data-start=\"1896\" data-end=\"1899\" \/>\u2705 Favorisce ascolto, scambio e collaborazione<br data-start=\"1944\" data-end=\"1947\" \/>\u2705 Promuove valori legati all\u2019<strong data-start=\"1976\" data-end=\"1988\">ecologia<\/strong> e alla <strong data-start=\"1996\" data-end=\"2022\">responsabilit\u00e0 sociale<\/strong><br data-start=\"2022\" data-end=\"2025\" \/>\u2705 \u00c8 unica: ogni gruppo crea qualcosa di irripetibile<\/p>\t\t\t\t\t\t\t\t<\/div>\n\t\t\t\t<\/div>\n\t\t\t\t\t<\/div>\n\t\t<\/div>\n\t\t\t\t\t<\/div>\n\t\t<\/section>\n\t\t\t\t<section class=\"elementor-section elementor-top-section elementor-element elementor-element-ba9933d elementor-section-boxed elementor-section-height-default elementor-section-height-default\" data-id=\"ba9933d\" data-element_type=\"section\" data-e-type=\"section\">\n\t\t\t\t\t\t<div class=\"elementor-container elementor-column-gap-default\">\n\t\t\t\t\t<div class=\"elementor-column elementor-col-100 elementor-top-column elementor-element elementor-element-56f2214\" data-id=\"56f2214\" data-element_type=\"column\" data-e-type=\"column\">\n\t\t\t<div class=\"elementor-widget-wrap elementor-element-populated\">\n\t\t\t\t\t\t<div class=\"elementor-element elementor-element-cf9c40b elementor-widget elementor-widget-text-editor\" data-id=\"cf9c40b\" data-element_type=\"widget\" data-e-type=\"widget\" data-widget_type=\"text-editor.default\">\n\t\t\t\t<div class=\"elementor-widget-container\">\n\t\t\t\t\t\t\t\t\t<h3 data-start=\"2086\" data-end=\"2111\">\ud83c\udfe1 <strong data-start=\"2093\" data-end=\"2111\">Dove si svolge<\/strong><\/h3><ul data-start=\"2113\" data-end=\"2253\"><li data-start=\"2113\" data-end=\"2138\"><p data-start=\"2115\" data-end=\"2138\">Presso la nostra sede<\/p><\/li><li data-start=\"2139\" data-end=\"2200\"><p data-start=\"2141\" data-end=\"2200\">Nella vostra sede aziendale o in spazi esterni concordati<\/p><\/li><li data-start=\"2201\" data-end=\"2253\"><p data-start=\"2203\" data-end=\"2253\">In contesti naturali o fiere\/eventi (su richiesta)<\/p><\/li><\/ul>\t\t\t\t\t\t\t\t<\/div>\n\t\t\t\t<\/div>\n\t\t\t\t\t<\/div>\n\t\t<\/div>\n\t\t\t\t\t<\/div>\n\t\t<\/section>\n\t\t\t\t<section class=\"elementor-section elementor-top-section elementor-element elementor-element-d3922b7 elementor-section-boxed elementor-section-height-default elementor-section-height-default\" data-id=\"d3922b7\" data-element_type=\"section\" data-e-type=\"section\">\n\t\t\t\t\t\t<div class=\"elementor-container elementor-column-gap-default\">\n\t\t\t\t\t<div class=\"elementor-column elementor-col-100 elementor-top-column elementor-element elementor-element-c1fc116\" data-id=\"c1fc116\" data-element_type=\"column\" data-e-type=\"column\">\n\t\t\t<div class=\"elementor-widget-wrap elementor-element-populated\">\n\t\t\t\t\t\t<div class=\"elementor-element elementor-element-643c609 elementor-widget elementor-widget-text-editor\" data-id=\"643c609\" data-element_type=\"widget\" data-e-type=\"widget\" data-widget_type=\"text-editor.default\">\n\t\t\t\t<div class=\"elementor-widget-container\">\n\t\t\t\t\t\t\t\t\t<h3 data-start=\"2260\" data-end=\"2314\">\ud83d\udce9 <strong data-start=\"2267\" data-end=\"2314\">Contattaci per un preventivo personalizzato<\/strong><\/h3><p data-start=\"2316\" data-end=\"2426\">Scrivici a <strong data-start=\"2327\" data-end=\"2361\"><a data-start=\"2329\" data-end=\"2359\" class=\"decorated-link cursor-pointer\" rel=\"noopener\">progettoscarti@lagrandecasa.it<span aria-hidden=\"true\" class=\"ms-0.5 inline-block align-middle leading-none\"><svg width=\"20\" height=\"20\" viewbox=\"0 0 20 20\" fill=\"currentColor\" xmlns=\"http:\/\/www.w3.org\/2000\/svg\" data-rtl-flip=\"\" class=\"block h-[0.75em] w-[0.75em] stroke-current stroke-[0.75]\"><path d=\"M14.3349 13.3301V6.60645L5.47065 15.4707C5.21095 15.7304 4.78895 15.7304 4.52925 15.4707C4.26955 15.211 4.26955 14.789 4.52925 14.5293L13.3935 5.66504H6.66011C6.29284 5.66504 5.99507 5.36727 5.99507 5C5.99507 4.63273 6.29284 4.33496 6.66011 4.33496H14.9999L15.1337 4.34863C15.4369 4.41057 15.665 4.67857 15.665 5V13.3301C15.6649 13.6973 15.3672 13.9951 14.9999 13.9951C14.6327 13.9951 14.335 13.6973 14.3349 13.3301Z\"><\/path><\/svg><\/span><\/a><\/strong><br data-start=\"2361\" data-end=\"2364\" \/>oppure compila il <strong data-start=\"2382\" data-end=\"2412\">form nella pagina Contatti<\/strong>, indicandoci:<\/p><ul data-start=\"2428\" data-end=\"2549\"><li data-start=\"2428\" data-end=\"2456\"><p data-start=\"2430\" data-end=\"2456\">Nome dell\u2019ente o azienda<\/p><\/li><li data-start=\"2457\" data-end=\"2494\"><p data-start=\"2459\" data-end=\"2494\">Numero indicativo di partecipanti<\/p><\/li><li data-start=\"2495\" data-end=\"2524\"><p data-start=\"2497\" data-end=\"2524\">Obiettivi dell\u2019esperienza<\/p><\/li><li data-start=\"2525\" data-end=\"2549\"><p data-start=\"2527\" data-end=\"2549\">Data e luogo preferiti<\/p><\/li><\/ul>\t\t\t\t\t\t\t\t<\/div>\n\t\t\t\t<\/div>\n\t\t\t\t\t<\/div>\n\t\t<\/div>\n\t\t\t\t\t<\/div>\n\t\t<\/section>\n\t\t\t\t<section class=\"elementor-section elementor-top-section elementor-element elementor-element-1cd4dabd elementor-section-content-middle elementor-section-boxed elementor-section-height-default elementor-section-height-default\" data-id=\"1cd4dabd\" data-element_type=\"section\" data-e-type=\"section\">\n\t\t\t\t\t\t<div class=\"elementor-container elementor-column-gap-no\">\n\t\t\t\t\t<div class=\"elementor-column elementor-col-100 elementor-top-column elementor-element elementor-element-6faf2a13\" data-id=\"6faf2a13\" data-element_type=\"column\" data-e-type=\"column\">\n\t\t\t<div class=\"elementor-widget-wrap elementor-element-populated\">\n\t\t\t\t\t\t<div class=\"elementor-element elementor-element-66b672b1 elementor-widget elementor-widget-heading\" data-id=\"66b672b1\" data-element_type=\"widget\" data-e-type=\"widget\" data-widget_type=\"heading.default\">\n\t\t\t\t<div class=\"elementor-widget-container\">\n\t\t\t\t\t<h6 class=\"elementor-heading-title elementor-size-default\">Contattaci<\/h6>\t\t\t\t<\/div>\n\t\t\t\t<\/div>\n\t\t\t\t<div class=\"elementor-element elementor-element-2119bd39 elementor-widget elementor-widget-heading\" data-id=\"2119bd39\" data-element_type=\"widget\" data-e-type=\"widget\" data-widget_type=\"heading.default\">\n\t\t\t\t<div class=\"elementor-widget-container\">\n\t\t\t\t\t<h6 class=\"elementor-heading-title elementor-size-default\">377 4376 996<\/h6>\t\t\t\t<\/div>\n\t\t\t\t<\/div>\n\t\t\t\t<div class=\"elementor-element elementor-element-65c965cd elementor-widget elementor-widget-heading\" data-id=\"65c965cd\" data-element_type=\"widget\" data-e-type=\"widget\" data-widget_type=\"heading.default\">\n\t\t\t\t<div class=\"elementor-widget-container\">\n\t\t\t\t\t<h3 class=\"elementor-heading-title elementor-size-default\">Via Corridoni 59, 20092 Cinisello Balsamo MI<\/h3>\t\t\t\t<\/div>\n\t\t\t\t<\/div>\n\t\t\t\t<div class=\"elementor-element elementor-element-3946ee03 elementor-widget elementor-widget-google_maps\" data-id=\"3946ee03\" data-element_type=\"widget\" data-e-type=\"widget\" data-widget_type=\"google_maps.default\">\n\t\t\t\t<div class=\"elementor-widget-container\">\n\t\t\t\t\t\t\t<div class=\"elementor-custom-embed\">\n\t\t\t<iframe loading=\"lazy\"\n\t\t\t\t\tsrc=\"https:\/\/maps.google.com\/maps?q=Via%20corridoni%2059%2C%2020092%20Cinisello%20Balsamo%20MI&#038;t=m&#038;z=18&#038;output=embed&#038;iwloc=near\"\n\t\t\t\t\ttitle=\"Via corridoni 59, 20092 Cinisello Balsamo MI\"\n\t\t\t\t\taria-label=\"Via corridoni 59, 20092 Cinisello Balsamo MI\"\n\t\t\t><\/iframe>\n\t\t<\/div>\n\t\t\t\t\t\t<\/div>\n\t\t\t\t<\/div>\n\t\t\t\t<div class=\"elementor-element elementor-element-e128ca5 elementor-shape-rounded elementor-grid-0 e-grid-align-center elementor-widget elementor-widget-social-icons\" data-id=\"e128ca5\" data-element_type=\"widget\" data-e-type=\"widget\" data-widget_type=\"social-icons.default\">\n\t\t\t\t<div class=\"elementor-widget-container\">\n\t\t\t\t\t\t\t<div class=\"elementor-social-icons-wrapper elementor-grid\" role=\"list\">\n\t\t\t\t\t\t\t<span class=\"elementor-grid-item\" role=\"listitem\">\n\t\t\t\t\t<a class=\"elementor-icon elementor-social-icon elementor-social-icon-facebook-f elementor-animation-grow elementor-repeater-item-9c86cde\" href=\"https:\/\/www.facebook.com\/ScArtiArtiDelRiuso\/\" target=\"_blank\">\n\t\t\t\t\t\t<span class=\"elementor-screen-only\">Facebook-f<\/span>\n\t\t\t\t\t\t<i aria-hidden=\"true\" class=\"fab fa-facebook-f\"><\/i>\t\t\t\t\t<\/a>\n\t\t\t\t<\/span>\n\t\t\t\t\t\t\t<span class=\"elementor-grid-item\" role=\"listitem\">\n\t\t\t\t\t<a class=\"elementor-icon elementor-social-icon elementor-social-icon-instagram elementor-animation-grow elementor-repeater-item-7b9d1bc\" href=\"https:\/\/www.instagram.com\/scarti_le_arti_del_riuso\/?fbclid=IwY2xjawNAx8lleHRuA2FlbQIxMABicmlkETBlSXByckk1bHhYQzlkWlQ1AR4GQCp8VfwtRtr8EM45nSEGlIdoWf6a9blb_jnJoRxDAiY-2n8F1ymgWlSm8w_aem_YOihJV2x7Yf6N8r6Zsig9w\" target=\"_blank\">\n\t\t\t\t\t\t<span class=\"elementor-screen-only\">Instagram<\/span>\n\t\t\t\t\t\t<i aria-hidden=\"true\" class=\"fab fa-instagram\"><\/i>\t\t\t\t\t<\/a>\n\t\t\t\t<\/span>\n\t\t\t\t\t\t\t<span class=\"elementor-grid-item\" role=\"listitem\">\n\t\t\t\t\t<a class=\"elementor-icon elementor-social-icon elementor-social-icon-youtube elementor-animation-grow elementor-repeater-item-1cfae18\" href=\"https:\/\/www.youtube.com\/channel\/UCjMRwbAL4GH9hTP-SUR7GNQ\" target=\"_blank\">\n\t\t\t\t\t\t<span class=\"elementor-screen-only\">Youtube<\/span>\n\t\t\t\t\t\t<i aria-hidden=\"true\" class=\"fab fa-youtube\"><\/i>\t\t\t\t\t<\/a>\n\t\t\t\t<\/span>\n\t\t\t\t\t<\/div>\n\t\t\t\t\t\t<\/div>\n\t\t\t\t<\/div>\n\t\t\t\t\t<\/div>\n\t\t<\/div>\n\t\t\t\t\t<\/div>\n\t\t<\/section>\n\t\t\t\t<\/div>\n\t\t","protected":false},"excerpt":{"rendered":"<p>\ud83e\udde9 Team Building Creativo Un\u2019esperienza di gruppo tra sostenibilit\u00e0, creativit\u00e0 e materiali di scarto I nostri percorsi di team building sono pensati per gruppi, aziende, enti o realt\u00e0 che desiderano vivere un\u2019esperienza diversa dal solito: creativa, coinvolgente e sostenibile.Utilizziamo materiali di scarto industriale per proporre attivit\u00e0 manuali, esperienziali e collaborative [&hellip;]<\/p>\n","protected":false},"author":2,"featured_media":0,"parent":169,"menu_order":0,"comment_status":"closed","ping_status":"closed","template":"","meta":{"footnotes":""},"class_list":["post-204","page","type-page","status-publish","hentry"],"featured_media_urls":[],"_links":{"self":[{"href":"https:\/\/www.scarti-artidelriuso.it\/scarticms\/wp-json\/wp\/v2\/pages\/204","targetHints":{"allow":["GET"]}}],"collection":[{"href":"https:\/\/www.scarti-artidelriuso.it\/scarticms\/wp-json\/wp\/v2\/pages"}],"about":[{"href":"https:\/\/www.scarti-artidelriuso.it\/scarticms\/wp-json\/wp\/v2\/types\/page"}],"author":[{"embeddable":true,"href":"https:\/\/www.scarti-artidelriuso.it\/scarticms\/wp-json\/wp\/v2\/users\/2"}],"replies":[{"embeddable":true,"href":"https:\/\/www.scarti-artidelriuso.it\/scarticms\/wp-json\/wp\/v2\/comments?post=204"}],"version-history":[{"count":7,"href":"https:\/\/www.scarti-artidelriuso.it\/scarticms\/wp-json\/wp\/v2\/pages\/204\/revisions"}],"predecessor-version":[{"id":1367,"href":"https:\/\/www.scarti-artidelriuso.it\/scarticms\/wp-json\/wp\/v2\/pages\/204\/revisions\/1367"}],"up":[{"embeddable":true,"href":"https:\/\/www.scarti-artidelriuso.it\/scarticms\/wp-json\/wp\/v2\/pages\/169"}],"wp:attachment":[{"href":"https:\/\/www.scarti-artidelriuso.it\/scarticms\/wp-json\/wp\/v2\/media?parent=204"}],"curies":[{"name":"wp","href":"https:\/\/api.w.org\/{rel}","templated":true}]}}