{"id":104,"date":"2022-11-15T12:36:37","date_gmt":"2022-11-15T12:36:37","guid":{"rendered":"https:\/\/www.scarti-artidelriuso.it\/scarticms\/?page_id=104"},"modified":"2025-09-24T13:21:46","modified_gmt":"2025-09-24T13:21:46","slug":"chi-siamo","status":"publish","type":"page","link":"https:\/\/www.scarti-artidelriuso.it\/scarticms\/colibri-wp\/chi-siamo\/","title":{"rendered":"Chi siamo"},"content":{"rendered":"\t\t<div data-elementor-type=\"wp-page\" data-elementor-id=\"104\" class=\"elementor elementor-104\">\n\t\t\t\t\t\t<section class=\"elementor-section elementor-top-section elementor-element elementor-element-43945844 elementor-section-content-middle elementor-section-boxed elementor-section-height-default elementor-section-height-default\" data-id=\"43945844\" data-element_type=\"section\" data-e-type=\"section\">\n\t\t\t\t\t\t<div class=\"elementor-container elementor-column-gap-no\">\n\t\t\t\t\t<div class=\"elementor-column elementor-col-100 elementor-top-column elementor-element elementor-element-7270c881\" data-id=\"7270c881\" data-element_type=\"column\" data-e-type=\"column\">\n\t\t\t<div class=\"elementor-widget-wrap elementor-element-populated\">\n\t\t\t\t\t\t<div class=\"elementor-element elementor-element-7fd4387c elementor-widget elementor-widget-heading\" data-id=\"7fd4387c\" data-element_type=\"widget\" data-e-type=\"widget\" data-widget_type=\"heading.default\">\n\t\t\t\t<div class=\"elementor-widget-container\">\n\t\t\t\t\t<h4 class=\"elementor-heading-title elementor-size-default\">Chi siamo<\/h4>\t\t\t\t<\/div>\n\t\t\t\t<\/div>\n\t\t\t\t<div class=\"elementor-element elementor-element-66960d28 elementor-drop-cap-yes elementor-drop-cap-view-default elementor-widget elementor-widget-text-editor\" data-id=\"66960d28\" data-element_type=\"widget\" data-e-type=\"widget\" data-settings=\"{&quot;drop_cap&quot;:&quot;yes&quot;}\" data-widget_type=\"text-editor.default\">\n\t\t\t\t<div class=\"elementor-widget-container\">\n\t\t\t\t\t\t\t\t\t<p><strong>ScArti le arti del riuso \u00e8 un progetto culturale di sostenibilit\u00e0, creativit\u00e0 e ricerca del materiale industriale e di scarto.&nbsp;<\/strong><\/p>\n<p><b>La nostra formazione \u00e8 di carattere pedagogico, artistico ed ecologico.<\/b><\/p>\n<p><strong>Promuoviamo l\u2019idea che lo scarto, l\u2019imperfetto, sia un portatore di bellezza, capace di sollecitare riflessioni e proporsi come risorsa educativa, sfuggendo cosi alla definizione di \u201crifiuto\u201d.&nbsp;<\/strong><\/p>\n<p><strong>Siamo educatori, creativi e anche un po&#8217; artisti che vogliono unire la bellezza con la pedagogia.<\/strong><\/p>\t\t\t\t\t\t\t\t<\/div>\n\t\t\t\t<\/div>\n\t\t\t\t<section class=\"elementor-section elementor-inner-section elementor-element elementor-element-4c7a3159 elementor-section-boxed elementor-section-height-default elementor-section-height-default\" data-id=\"4c7a3159\" data-element_type=\"section\" data-e-type=\"section\">\n\t\t\t\t\t\t<div class=\"elementor-container elementor-column-gap-default\">\n\t\t\t\t\t<div class=\"elementor-column elementor-col-50 elementor-inner-column elementor-element elementor-element-1224a1b8\" data-id=\"1224a1b8\" data-element_type=\"column\" data-e-type=\"column\">\n\t\t\t<div class=\"elementor-widget-wrap elementor-element-populated\">\n\t\t\t\t\t\t<div class=\"elementor-element elementor-element-879feaf elementor-position-top elementor-widget elementor-widget-image-box\" data-id=\"879feaf\" data-element_type=\"widget\" data-e-type=\"widget\" data-widget_type=\"image-box.default\">\n\t\t\t\t<div class=\"elementor-widget-container\">\n\t\t\t\t\t<div class=\"elementor-image-box-wrapper\"><figure class=\"elementor-image-box-img\"><img fetchpriority=\"high\" decoding=\"async\" width=\"1024\" height=\"800\" src=\"https:\/\/www.scarti-artidelriuso.it\/scarticms\/wp-content\/uploads\/2024\/01\/WhatsApp-Image-2024-01-08-at-12.06.03-1024x800.jpeg\" class=\"attachment-portfolio_item-thumbnail@2x size-portfolio_item-thumbnail@2x wp-image-639\" alt=\"\" \/><\/figure><div class=\"elementor-image-box-content\"><h3 class=\"elementor-image-box-title\">Guido Camilucci<\/h3><p class=\"elementor-image-box-description\">Educatore\n\n<\/p><\/div><\/div>\t\t\t\t<\/div>\n\t\t\t\t<\/div>\n\t\t\t\t<div class=\"elementor-element elementor-element-60ef84eb elementor-widget elementor-widget-text-editor\" data-id=\"60ef84eb\" data-element_type=\"widget\" data-e-type=\"widget\" data-widget_type=\"text-editor.default\">\n\t\t\t\t<div class=\"elementor-widget-container\">\n\t\t\t\t\t\t\t\t\t<p>Si occupa dei preventivi e organizzazione Laboratori<\/p><p>Educatore professionale<span class=\"Apple-converted-space\">\u00a0<\/span><\/p><p>Oltre ad occuparsi di ScArti, lavora per la Coop Sociale Azimut sul territorio di Cinisello Balsamo, con ragazzi pre-adolescenti, adolescenti e maggiorenni, in servizi per la tutela minorile e per misure alternative al carcere.<\/p><p>Le sue passioni sono l\u2019arte, la musica, e le storie, che fanno crescere curiosi e brillanti<\/p>\t\t\t\t\t\t\t\t<\/div>\n\t\t\t\t<\/div>\n\t\t\t\t\t<\/div>\n\t\t<\/div>\n\t\t\t\t<div class=\"elementor-column elementor-col-50 elementor-inner-column elementor-element elementor-element-330df9d7\" data-id=\"330df9d7\" data-element_type=\"column\" data-e-type=\"column\">\n\t\t\t<div class=\"elementor-widget-wrap elementor-element-populated\">\n\t\t\t\t\t\t<div class=\"elementor-element elementor-element-58b6c2e elementor-position-top elementor-widget elementor-widget-image-box\" data-id=\"58b6c2e\" data-element_type=\"widget\" data-e-type=\"widget\" data-widget_type=\"image-box.default\">\n\t\t\t\t<div class=\"elementor-widget-container\">\n\t\t\t\t\t<div class=\"elementor-image-box-wrapper\"><figure class=\"elementor-image-box-img\"><img decoding=\"async\" width=\"720\" height=\"795\" src=\"https:\/\/www.scarti-artidelriuso.it\/scarticms\/wp-content\/uploads\/2025\/09\/steve-e1758719882418.jpeg\" class=\"attachment-full size-full wp-image-1355\" alt=\"\" srcset=\"https:\/\/www.scarti-artidelriuso.it\/scarticms\/wp-content\/uploads\/2025\/09\/steve-e1758719882418.jpeg 720w, https:\/\/www.scarti-artidelriuso.it\/scarticms\/wp-content\/uploads\/2025\/09\/steve-e1758719882418-272x300.jpeg 272w, https:\/\/www.scarti-artidelriuso.it\/scarticms\/wp-content\/uploads\/2025\/09\/steve-e1758719882418-600x663.jpeg 600w\" sizes=\"(max-width: 720px) 100vw, 720px\" \/><\/figure><div class=\"elementor-image-box-content\"><h3 class=\"elementor-image-box-title\">Stefano Valaguzza<\/h3><p class=\"elementor-image-box-description\">coordinatore<\/p><\/div><\/div>\t\t\t\t<\/div>\n\t\t\t\t<\/div>\n\t\t\t\t<div class=\"elementor-element elementor-element-39907bde elementor-widget elementor-widget-text-editor\" data-id=\"39907bde\" data-element_type=\"widget\" data-e-type=\"widget\" data-widget_type=\"text-editor.default\">\n\t\t\t\t<div class=\"elementor-widget-container\">\n\t\t\t\t\t\t\t\t\t<p data-start=\"237\" data-end=\"423\">Inizia il suo percorso come <strong data-start=\"265\" data-end=\"276\">grafico<\/strong>, per poi orientarsi verso l\u2019ambito educativo, dove ha lavorato come <strong data-start=\"345\" data-end=\"373\">educatore e coordinatore<\/strong> in diversi servizi rivolti a bambini e ragazzi.<\/p><p data-start=\"425\" data-end=\"768\">Appassionato di <strong data-start=\"441\" data-end=\"455\">modellismo<\/strong> e di <strong data-start=\"461\" data-end=\"473\">montagna<\/strong>, porta nei laboratori una particolare attenzione all\u2019<strong data-start=\"527\" data-end=\"539\">estetica<\/strong>, alla <strong data-start=\"546\" data-end=\"560\">precisione<\/strong> e alla cura dei dettagli.<br data-start=\"586\" data-end=\"589\" \/>I suoi progetti combinano manualit\u00e0, bellezza e rigore, offrendo ai partecipanti occasioni di apprendimento che stimolano la concentrazione, l\u2019immaginazione e il piacere del fare.<\/p>\t\t\t\t\t\t\t\t<\/div>\n\t\t\t\t<\/div>\n\t\t\t\t\t<\/div>\n\t\t<\/div>\n\t\t\t\t\t<\/div>\n\t\t<\/section>\n\t\t\t\t<section class=\"elementor-section elementor-inner-section elementor-element elementor-element-4d3c4cd1 elementor-section-boxed elementor-section-height-default elementor-section-height-default\" data-id=\"4d3c4cd1\" data-element_type=\"section\" data-e-type=\"section\">\n\t\t\t\t\t\t<div class=\"elementor-container elementor-column-gap-default\">\n\t\t\t\t\t<div class=\"elementor-column elementor-col-50 elementor-inner-column elementor-element elementor-element-7395f61a\" data-id=\"7395f61a\" data-element_type=\"column\" data-e-type=\"column\">\n\t\t\t<div class=\"elementor-widget-wrap elementor-element-populated\">\n\t\t\t\t\t\t<div class=\"elementor-element elementor-element-77f27fcd elementor-position-top elementor-widget elementor-widget-image-box\" data-id=\"77f27fcd\" data-element_type=\"widget\" data-e-type=\"widget\" data-widget_type=\"image-box.default\">\n\t\t\t\t<div class=\"elementor-widget-container\">\n\t\t\t\t\t<div class=\"elementor-image-box-wrapper\"><figure class=\"elementor-image-box-img\"><img decoding=\"async\" width=\"720\" height=\"1013\" src=\"https:\/\/www.scarti-artidelriuso.it\/scarticms\/wp-content\/uploads\/2025\/09\/WhatsApp-Image-2025-09-24-at-15.12.08-e1758719831894.jpeg\" class=\"attachment-full size-full wp-image-1357\" alt=\"\" srcset=\"https:\/\/www.scarti-artidelriuso.it\/scarticms\/wp-content\/uploads\/2025\/09\/WhatsApp-Image-2025-09-24-at-15.12.08-e1758719831894.jpeg 720w, https:\/\/www.scarti-artidelriuso.it\/scarticms\/wp-content\/uploads\/2025\/09\/WhatsApp-Image-2025-09-24-at-15.12.08-e1758719831894-213x300.jpeg 213w, https:\/\/www.scarti-artidelriuso.it\/scarticms\/wp-content\/uploads\/2025\/09\/WhatsApp-Image-2025-09-24-at-15.12.08-e1758719831894-600x844.jpeg 600w\" sizes=\"(max-width: 720px) 100vw, 720px\" \/><\/figure><div class=\"elementor-image-box-content\"><h3 class=\"elementor-image-box-title\">Giorgio Giustiniani<\/h3><p class=\"elementor-image-box-description\">educatore <\/p><\/div><\/div>\t\t\t\t<\/div>\n\t\t\t\t<\/div>\n\t\t\t\t<div class=\"elementor-element elementor-element-515d6f49 elementor-widget elementor-widget-text-editor\" data-id=\"515d6f49\" data-element_type=\"widget\" data-e-type=\"widget\" data-widget_type=\"text-editor.default\">\n\t\t\t\t<div class=\"elementor-widget-container\">\n\t\t\t\t\t\t\t\t\t<p>Si occupa dei social e dell&#8217;emporio.<\/p><p>Educatore tutto fare, a ScArti\u00a0ha trovato il materiale per le sue idee.\u00a0<\/p><p>Crede che l&#8217;educazione sia un concetto che debba essere sperimentato con il fare, per questo si appoggia alle sue competenze di artista tutto fare e arrampicatore con il fine di condividere esperienze pedagogiche.\u00a0<\/p>\t\t\t\t\t\t\t\t<\/div>\n\t\t\t\t<\/div>\n\t\t\t\t\t<\/div>\n\t\t<\/div>\n\t\t\t\t<div class=\"elementor-column elementor-col-50 elementor-inner-column elementor-element elementor-element-304a72fc\" data-id=\"304a72fc\" data-element_type=\"column\" data-e-type=\"column\">\n\t\t\t<div class=\"elementor-widget-wrap elementor-element-populated\">\n\t\t\t\t\t\t<div class=\"elementor-element elementor-element-2df8d6cf elementor-position-top elementor-widget elementor-widget-image-box\" data-id=\"2df8d6cf\" data-element_type=\"widget\" data-e-type=\"widget\" data-widget_type=\"image-box.default\">\n\t\t\t\t<div class=\"elementor-widget-container\">\n\t\t\t\t\t<div class=\"elementor-image-box-wrapper\"><figure class=\"elementor-image-box-img\"><img loading=\"lazy\" decoding=\"async\" width=\"915\" height=\"1023\" src=\"https:\/\/www.scarti-artidelriuso.it\/scarticms\/wp-content\/uploads\/2024\/02\/WhatsApp-Image-2024-02-26-at-18.30.33-e1717504919691.jpeg\" class=\"attachment-full size-full wp-image-788\" alt=\"\" srcset=\"https:\/\/www.scarti-artidelriuso.it\/scarticms\/wp-content\/uploads\/2024\/02\/WhatsApp-Image-2024-02-26-at-18.30.33-e1717504919691.jpeg 915w, https:\/\/www.scarti-artidelriuso.it\/scarticms\/wp-content\/uploads\/2024\/02\/WhatsApp-Image-2024-02-26-at-18.30.33-e1717504919691-268x300.jpeg 268w, https:\/\/www.scarti-artidelriuso.it\/scarticms\/wp-content\/uploads\/2024\/02\/WhatsApp-Image-2024-02-26-at-18.30.33-e1717504919691-768x859.jpeg 768w, https:\/\/www.scarti-artidelriuso.it\/scarticms\/wp-content\/uploads\/2024\/02\/WhatsApp-Image-2024-02-26-at-18.30.33-e1717504919691-600x671.jpeg 600w\" sizes=\"(max-width: 915px) 100vw, 915px\" \/><\/figure><div class=\"elementor-image-box-content\"><h2 class=\"elementor-image-box-title\">Claudia Gonella<\/h2><p class=\"elementor-image-box-description\">educatrice<\/p><\/div><\/div>\t\t\t\t<\/div>\n\t\t\t\t<\/div>\n\t\t\t\t<div class=\"elementor-element elementor-element-1aaa2fc elementor-widget elementor-widget-text-editor\" data-id=\"1aaa2fc\" data-element_type=\"widget\" data-e-type=\"widget\" data-widget_type=\"text-editor.default\">\n\t\t\t\t<div class=\"elementor-widget-container\">\n\t\t\t\t\t\t\t\t\t<p>Si occupa di laboratori per tutte le et\u00e0 e progetti per il penale.<\/p><p>Da anni impegnata con bambini, famiglie, adolescenti e giovani sottoposti ad autorit\u00e0 giudiziaria.<\/p><p>Educatrice e viaggiatrice.<br \/>Alla ricerca di storie, terre, incontri ed opportunit\u00e0.\u00a0<\/p><p>Approda a Scarti dove scopre il viaggio infinito dei materiali e le loro inesauribili potenzialit\u00e0.<\/p>\t\t\t\t\t\t\t\t<\/div>\n\t\t\t\t<\/div>\n\t\t\t\t\t<\/div>\n\t\t<\/div>\n\t\t\t\t\t<\/div>\n\t\t<\/section>\n\t\t\t\t\t<\/div>\n\t\t<\/div>\n\t\t\t\t\t<\/div>\n\t\t<\/section>\n\t\t\t\t<section class=\"elementor-section elementor-top-section elementor-element elementor-element-a9ecb38 elementor-section-boxed elementor-section-height-default elementor-section-height-default\" data-id=\"a9ecb38\" data-element_type=\"section\" data-e-type=\"section\">\n\t\t\t\t\t\t<div class=\"elementor-container elementor-column-gap-default\">\n\t\t\t\t\t<div class=\"elementor-column elementor-col-100 elementor-top-column elementor-element elementor-element-4191159\" data-id=\"4191159\" data-element_type=\"column\" data-e-type=\"column\">\n\t\t\t<div class=\"elementor-widget-wrap elementor-element-populated\">\n\t\t\t\t\t\t<section class=\"elementor-section elementor-inner-section elementor-element elementor-element-afd21aa elementor-section-boxed elementor-section-height-default elementor-section-height-default\" data-id=\"afd21aa\" data-element_type=\"section\" data-e-type=\"section\">\n\t\t\t\t\t\t<div class=\"elementor-container elementor-column-gap-default\">\n\t\t\t\t\t<div class=\"elementor-column elementor-col-100 elementor-inner-column elementor-element elementor-element-85cf766\" data-id=\"85cf766\" data-element_type=\"column\" data-e-type=\"column\">\n\t\t\t<div class=\"elementor-widget-wrap elementor-element-populated\">\n\t\t\t\t\t\t<div class=\"elementor-element elementor-element-e2000de elementor-widget__width-initial elementor-position-top elementor-widget elementor-widget-image-box\" data-id=\"e2000de\" data-element_type=\"widget\" data-e-type=\"widget\" data-widget_type=\"image-box.default\">\n\t\t\t\t<div class=\"elementor-widget-container\">\n\t\t\t\t\t<div class=\"elementor-image-box-wrapper\"><figure class=\"elementor-image-box-img\"><img decoding=\"async\" src=\"https:\/\/www.scarti-artidelriuso.it\/scarticms\/wp-content\/uploads\/2024\/01\/Screenshot-2024-01-08-alle-12.20.10.png\" title=\"Screenshot 2024-01-08 alle 12.20.10\" alt=\"Screenshot 2024-01-08 alle 12.20.10\" loading=\"lazy\" \/><\/figure><div class=\"elementor-image-box-content\"><h3 class=\"elementor-image-box-title\">Alberto Panciroli<\/h3><p class=\"elementor-image-box-description\">Collaboratore<\/p><\/div><\/div>\t\t\t\t<\/div>\n\t\t\t\t<\/div>\n\t\t\t\t<div class=\"elementor-element elementor-element-73f1eb4 elementor-widget elementor-widget-text-editor\" data-id=\"73f1eb4\" data-element_type=\"widget\" data-e-type=\"widget\" data-widget_type=\"text-editor.default\">\n\t\t\t\t<div class=\"elementor-widget-container\">\n\t\t\t\t\t\t\t\t\t<p>Si occupa di creare oggetti unici.<\/p><p>Alberto Panciroli, educatore, counselor e formatore, da quasi trent\u2019anni lavora in ambito sociale con bambini, adolescenti e adulti. Ama andare alla ricerca del lato umoristico delle situazioni che incontra, convinto com\u2019\u00e8 che la leggerezza e un tocco di auto-ironia, siano capaci di facilitare relazioni altrimenti difficili da gestire. Appassionato di cinema, fotografia, giardinaggio e lavori con il legno, \u00e8 convinto che la bellezza dei materiali di scarto possano rappresentare uno stimolo creativo per tutti.<\/p>\t\t\t\t\t\t\t\t<\/div>\n\t\t\t\t<\/div>\n\t\t\t\t\t<\/div>\n\t\t<\/div>\n\t\t\t\t\t<\/div>\n\t\t<\/section>\n\t\t\t\t\t<\/div>\n\t\t<\/div>\n\t\t\t\t\t<\/div>\n\t\t<\/section>\n\t\t\t\t<section class=\"elementor-section elementor-top-section elementor-element elementor-element-f357ce6 elementor-section-boxed elementor-section-height-default elementor-section-height-default\" data-id=\"f357ce6\" data-element_type=\"section\" data-e-type=\"section\">\n\t\t\t\t\t\t<div class=\"elementor-container elementor-column-gap-default\">\n\t\t\t\t\t<div class=\"elementor-column elementor-col-100 elementor-top-column elementor-element elementor-element-7b3e04d\" data-id=\"7b3e04d\" data-element_type=\"column\" data-e-type=\"column\">\n\t\t\t<div class=\"elementor-widget-wrap elementor-element-populated\">\n\t\t\t\t\t\t<div class=\"elementor-element elementor-element-658e408 elementor-widget elementor-widget-heading\" data-id=\"658e408\" data-element_type=\"widget\" data-e-type=\"widget\" data-widget_type=\"heading.default\">\n\t\t\t\t<div class=\"elementor-widget-container\">\n\t\t\t\t\t<h2 class=\"elementor-heading-title elementor-size-default\">La nostra storia<\/h2>\t\t\t\t<\/div>\n\t\t\t\t<\/div>\n\t\t\t\t<div class=\"elementor-element elementor-element-4bbfb2e elementor-widget elementor-widget-text-editor\" data-id=\"4bbfb2e\" data-element_type=\"widget\" data-e-type=\"widget\" data-widget_type=\"text-editor.default\">\n\t\t\t\t<div class=\"elementor-widget-container\">\n\t\t\t\t\t\t\t\t\t<p>Nel 2018, a seguito della richiesta del comune di Cinisello Balsamo, le cooperative sociali <a href=\"https:\/\/www.lagrandecasa.org\/chi-siamo\/\" target=\"_blank\" rel=\"noopener\">&#8220;La Grande Casa&#8221;<\/a>\u00a0ed\u00a0<a href=\"https:\/\/www.azimutcoop.it\/azimut\/\">&#8220;Azimut&#8221;<\/a>\u00a0decisero di attivarsi offrendo al territorio la possibilit\u00e0 di recuperare materiali destrutturati, e ampliando l&#8217;offerta con proposte esperienziali e laboratoriali, rivolte a studenti e insegnanti, valorizzando le competenze educative pedagogiche interne all&#8217;equipe. <span style=\"font-size: inherit;\">Da qui nacque \u00a0&#8220;ScArti &#8211; Le arti del riuso&#8221;.\u00a0<\/span><\/p><p>Da allora, abbiamo creato collaborazioni con scuole, associazioni, aziende e istituzioni del territorio di Milano e della Brianza, partecipazioni ad eventi e convegni in ambito sociale ed educativo.<\/p><p><\/p>\t\t\t\t\t\t\t\t<\/div>\n\t\t\t\t<\/div>\n\t\t\t\t\t<\/div>\n\t\t<\/div>\n\t\t\t\t\t<\/div>\n\t\t<\/section>\n\t\t\t\t<\/div>\n\t\t","protected":false},"excerpt":{"rendered":"<p>Chi siamo ScArti le arti del riuso \u00e8 un progetto culturale di sostenibilit\u00e0, creativit\u00e0 e ricerca del materiale industriale e di scarto.&nbsp; La nostra formazione \u00e8 di carattere pedagogico, artistico ed ecologico. Promuoviamo l\u2019idea che lo scarto, l\u2019imperfetto, sia un portatore di bellezza, capace di sollecitare riflessioni e proporsi come [&hellip;]<\/p>\n","protected":false},"author":2,"featured_media":0,"parent":13,"menu_order":0,"comment_status":"closed","ping_status":"closed","template":"","meta":{"footnotes":""},"class_list":["post-104","page","type-page","status-publish","hentry"],"featured_media_urls":[],"_links":{"self":[{"href":"https:\/\/www.scarti-artidelriuso.it\/scarticms\/wp-json\/wp\/v2\/pages\/104","targetHints":{"allow":["GET"]}}],"collection":[{"href":"https:\/\/www.scarti-artidelriuso.it\/scarticms\/wp-json\/wp\/v2\/pages"}],"about":[{"href":"https:\/\/www.scarti-artidelriuso.it\/scarticms\/wp-json\/wp\/v2\/types\/page"}],"author":[{"embeddable":true,"href":"https:\/\/www.scarti-artidelriuso.it\/scarticms\/wp-json\/wp\/v2\/users\/2"}],"replies":[{"embeddable":true,"href":"https:\/\/www.scarti-artidelriuso.it\/scarticms\/wp-json\/wp\/v2\/comments?post=104"}],"version-history":[{"count":137,"href":"https:\/\/www.scarti-artidelriuso.it\/scarticms\/wp-json\/wp\/v2\/pages\/104\/revisions"}],"predecessor-version":[{"id":1363,"href":"https:\/\/www.scarti-artidelriuso.it\/scarticms\/wp-json\/wp\/v2\/pages\/104\/revisions\/1363"}],"up":[{"embeddable":true,"href":"https:\/\/www.scarti-artidelriuso.it\/scarticms\/wp-json\/wp\/v2\/pages\/13"}],"wp:attachment":[{"href":"https:\/\/www.scarti-artidelriuso.it\/scarticms\/wp-json\/wp\/v2\/media?parent=104"}],"curies":[{"name":"wp","href":"https:\/\/api.w.org\/{rel}","templated":true}]}}